{"id":596,"date":"2024-04-21T16:46:31","date_gmt":"2024-04-21T16:46:31","guid":{"rendered":"https:\/\/test.parkerrussell.vn\/lien-he\/"},"modified":"2025-06-16T03:20:26","modified_gmt":"2025-06-16T03:20:26","slug":"lien-he","status":"publish","type":"page","link":"https:\/\/www.parkerrussell.com.vn\/vi\/lien-he\/","title":{"rendered":"Li\u00ean h\u1ec7"},"content":{"rendered":"\n  <div class=\"banner has-hover\" id=\"banner-2034622709\">\n          <div class=\"banner-inner fill\">\n        <div class=\"banner-bg fill\" >\n            <div class=\"bg fill bg-fill \"><\/div>\n                                    \n                    <\/div>\n\t\t\n        <div class=\"banner-layers container\">\n            <div class=\"fill banner-link\"><\/div>            \n   <div id=\"text-box-767623210\" class=\"text-box banner-layer x50 md-x50 lg-x50 y30 md-y30 lg-y30 res-text\">\n                                <div class=\"text-box-content text dark\">\n              \n              <div class=\"text-inner text-center\">\n                  \n<div class=\"elementor-element elementor-element-fb696c elementor-widget elementor-widget-heading animated fadeIn\" data-id=\"fb696c\" data-element_type=\"widget\" data-settings=\"{\" data-widget_type=\"heading.default\">\n<div class=\"elementor-widget-container\">\n<h2 class=\"elementor-heading-title elementor-size-default\" style=\"text-align: left;\"><strong>Li\u00ean h\u1ec7 v\u1edbi ch\u00fang t\u00f4i<\/strong><\/h2>\n<\/div>\n<\/div>\n<div class=\"elementor-element elementor-element-4ba56417 elementor-widget elementor-widget-text-editor animated fadeIn\" data-id=\"4ba56417\" data-element_type=\"widget\" data-settings=\"{\" data-widget_type=\"text-editor.default\">\n<div class=\"elementor-widget-container\">\n<p style=\"text-align: left;\">N\u1ebfu b\u1ea1n c\u00f3 c\u00e2u h\u1ecfi, mu\u1ed1n m\u1ed9t s\u1ed1 l\u1eddi khuy\u00ean li\u00ean quan \u0111\u1ebfn c\u00f4ng vi\u1ec7c kinh doanh ho\u1eb7c v\u1ea5n \u0111\u1ec1 c\u00e1 nh\u00e2n c\u1ee7a b\u1ea1n, h\u00e3y li\u00ean h\u1ec7 v\u1edbi ch\u00fang t\u00f4i ngay h\u00f4m nay, ch\u00fang t\u00f4i r\u1ea5t mong nh\u1eadn \u0111\u01b0\u1ee3c ph\u1ea3n h\u1ed3i t\u1eeb b\u1ea1n. Ch\u00fang t\u00f4i bi\u1ebft kh\u00f4ng ph\u1ea3i ai c\u0169ng mu\u1ed1n ho\u00e0n th\u00e0nh bi\u1ec3u m\u1eabu v\u00e0 \u0111\u1ed3ng th\u1eddi kh\u00f4ng ph\u1ea3i ai c\u0169ng mu\u1ed1n nh\u1ea5c \u0111i\u1ec7n tho\u1ea1i, do \u0111\u00f3, ch\u00fang t\u00f4i \u0111\u00e3 t\u1ea1o \u0111i\u1ec1u ki\u1ec7n \u0111\u1ec3 b\u1ea1n li\u00ean h\u1ec7 v\u1edbi ch\u00fang t\u00f4i d\u1ec5 d\u00e0ng nh\u1ea5t c\u00f3 th\u1ec3.<\/p>\n<\/div>\n<\/div>\n              <\/div>\n           <\/div>\n                            \n<style>\n#text-box-767623210 {\n  width: 63%;\n}\n#text-box-767623210 .text-box-content {\n  font-size: 100%;\n}\n<\/style>\n    <\/div>\n \n        <\/div>\n      <\/div>\n\n            \n<style>\n#banner-2034622709 {\n  padding-top: 500px;\n}\n#banner-2034622709 .bg.bg-loaded {\n  background-image: url(https:\/\/www.parkerrussell.com.vn\/wp-content\/uploads\/2025\/06\/ChatGPT-Image-16_23_33-13-thg-6-2025.png);\n}\n<\/style>\n  <\/div>\n\n\n<div class=\"row align-center\"  id=\"row-570296900\">\n\n\t<div id=\"col-1664916145\" class=\"col medium-5 small-12 large-5\"  >\n\t\t\t\t<div class=\"col-inner\"  >\n\t\t\t\n\t\t\t\n<div class=\"row\"  id=\"row-832853954\">\n\n\t<div id=\"col-1471544421\" class=\"col small-12 large-12\"  >\n\t\t\t\t<div class=\"col-inner\"  >\n\t\t\t\n\t\t\t\n<h3><strong>Parker Russell Vi\u1ec7t Nam \u2013 Tr\u1ee5 s\u1edf ch\u00ednh<\/strong><\/h3>\n<p>+ \u0110\u1ecba ch\u1ec9 \u0111\u0103ng k\u00fd: 57-59 H\u1ed3 T\u00f9ng M\u1eadu, Ph\u01b0\u1eddng B\u1ebfn Ngh\u00e9, Qu\u1eadn 1, TP.HCM, Vi\u1ec7t Nam.<\/p>\n<p>+ V\u0103n ph\u00f2ng l\u00e0m vi\u1ec7c: Ph\u00f2ng 6A, T\u1ea7ng 6, T\u00f2a nh\u00e0 S\u00e0i G\u00f2nBank, 79-81-83 Ho\u00e0ng V\u0103n Th\u00e1i, P. T\u00e2n Ph\u00fa, Qu\u1eadn 7, TP.HCM, 700000, Vi\u1ec7t Nam.<\/p>\n\t\t<\/div>\n\t\t\t\t\t<\/div>\n\n\t\n\n\t<div id=\"col-1532601070\" class=\"col small-12 large-12\"  >\n\t\t\t\t<div class=\"col-inner\"  >\n\t\t\t\n\t\t\t\n\t<div id=\"text-248715745\" class=\"text col-contact\">\n\t\t\n<ul>\n<li>+84 (28) 5411 0768\/ Hotline: <span data-teams=\"true\">0932 191 816<\/span><\/li>\n<li>info@prv.com.vn<\/li>\n<\/ul>\n\t\t\t<\/div>\n\t\n\t\t<\/div>\n\t\t\t\t\t<\/div>\n\n\t\n\n\t<div id=\"col-2016746881\" class=\"col small-12 large-12\"  >\n\t\t\t\t<div class=\"col-inner\"  >\n\t\t\t\n\t\t\t\n<h3><strong>Parker Russell Vi\u1ec7t Nam \u2013 Chi nh\u00e1nh H\u00e0 N\u1ed9i<\/strong><\/h3>\n<p>T\u00f2a nh\u00e0 S\u00f4ng \u0110\u00e0, T\u1ea7ng 24, Khu A, \u0110\u01b0\u1eddng Ph\u1ea1m H\u00f9ng, Ph\u01b0\u1eddng M\u1ef9 \u0110\u00ecnh 1, Qu\u1eadn Nam T\u1eeb Li\u00eam, Th\u00e0nh ph\u1ed1 H\u00e0 N\u1ed9i, Vi\u1ec7t Nam.<\/p>\n\t\t<\/div>\n\t\t\t\t\t<\/div>\n\n\t\n\n\t<div id=\"col-875750789\" class=\"col small-12 large-12\"  >\n\t\t\t\t<div class=\"col-inner\"  >\n\t\t\t\n\t\t\t\n\t<div id=\"text-1813750325\" class=\"text col-contact\">\n\t\t\n<ul>\n<li>+84 (24) 71 07 82 82<\/li>\n<li>info@prv.com.vn<\/li>\n<\/ul>\n\t\t\t<\/div>\n\t\n\t\t<\/div>\n\t\t\t\t\t<\/div>\n\n\t\n\n\t<div id=\"col-948755625\" class=\"col small-12 large-12\"  >\n\t\t\t\t<div class=\"col-inner\"  >\n\t\t\t\n\t\t\t\n<h2><strong>Tr\u00e2n tr\u1ecdng c\u1ea3m \u01a1n Qu\u00fd kh\u00e1ch \u0111\u00e3 li\u00ean h\u1ec7 v\u1edbi ch\u00fang t\u00f4i<\/strong><\/h2>\n<p>Vui l\u00f2ng \u0111i\u1ec1n \u0111\u1ea7y \u0111\u1ee7 th\u00f4ng tin v\u00e0o bi\u1ec3u m\u1eabu d\u01b0\u1edbi \u0111\u00e2y v\u00e0 l\u1ef1a ch\u1ecdn n\u1ed9i dung y\u00eau c\u1ea7u ph\u00f9 h\u1ee3p t\u1eeb danh s\u00e1ch. \u0110\u1ed9i ng\u0169 chuy\u00ean vi\u00ean c\u1ee7a ch\u00fang t\u00f4i s\u1ebd nhanh ch\u00f3ng li\u00ean h\u1ec7 l\u1ea1i \u0111\u1ec3 h\u1ed7 tr\u1ee3 Qu\u00fd kh\u00e1ch trong th\u1eddi gian s\u1edbm nh\u1ea5t.<\/p>\n\n<div class=\"wpcf7 no-js\" id=\"wpcf7-f1073-o1\" lang=\"vi-VN\" dir=\"ltr\" data-wpcf7-id=\"1073\">\n<div class=\"screen-reader-response\"><p role=\"status\" aria-live=\"polite\" aria-atomic=\"true\"><\/p> <ul><\/ul><\/div>\n<form action=\"\/vi\/wp-json\/wp\/v2\/pages\/596#wpcf7-f1073-o1\" method=\"post\" class=\"wpcf7-form init\" aria-label=\"Contact form\" enctype=\"multipart\/form-data\" novalidate=\"novalidate\" data-status=\"init\">\n<fieldset class=\"hidden-fields-container\"><input type=\"hidden\" name=\"_wpcf7\" value=\"1073\" \/><input type=\"hidden\" name=\"_wpcf7_version\" value=\"6.1.3\" \/><input type=\"hidden\" name=\"_wpcf7_locale\" value=\"vi_VN\" \/><input type=\"hidden\" name=\"_wpcf7_unit_tag\" value=\"wpcf7-f1073-o1\" \/><input type=\"hidden\" name=\"_wpcf7_container_post\" value=\"0\" \/><input type=\"hidden\" name=\"_wpcf7_posted_data_hash\" value=\"\" \/><input type=\"hidden\" name=\"_wpcf7_recaptcha_response\" value=\"\" \/>\n<\/fieldset>\n<div class=\"form-contact-us\">\n\t<div>\n\t\t<p>First name*<span class=\"wpcf7-form-control-wrap\" data-name=\"first-name\"><input size=\"40\" maxlength=\"400\" class=\"wpcf7-form-control wpcf7-text wpcf7-validates-as-required\" aria-required=\"true\" aria-invalid=\"false\" value=\"\" type=\"text\" name=\"first-name\" \/><\/span>\n\t\t<\/p>\n\t<\/div>\n\t<div>\n\t\t<p>Last name*<span class=\"wpcf7-form-control-wrap\" data-name=\"last-name\"><input size=\"40\" maxlength=\"400\" class=\"wpcf7-form-control wpcf7-text wpcf7-validates-as-required\" aria-required=\"true\" aria-invalid=\"false\" value=\"\" type=\"text\" name=\"last-name\" \/><\/span>\n\t\t<\/p>\n\t<\/div>\n\t<div>\n\t\t<p>Contact Number <span class=\"wpcf7-form-control-wrap\" data-name=\"tel-475\"><input size=\"40\" maxlength=\"400\" class=\"wpcf7-form-control wpcf7-tel wpcf7-text wpcf7-validates-as-tel\" aria-invalid=\"false\" value=\"\" type=\"tel\" name=\"tel-475\" \/><\/span>\n\t\t<\/p>\n\t<\/div>\n\t<div>\n\t\t<p>Email <span class=\"wpcf7-form-control-wrap\" data-name=\"email-150\"><input size=\"40\" maxlength=\"400\" class=\"wpcf7-form-control wpcf7-email wpcf7-text wpcf7-validates-as-email\" aria-invalid=\"false\" value=\"\" type=\"email\" name=\"email-150\" \/><\/span>\n\t\t<\/p>\n\t<\/div>\n\t<div>\n\t\t<p>Subject<span class=\"wpcf7-form-control-wrap\" data-name=\"your-subject\"><input size=\"40\" maxlength=\"400\" class=\"wpcf7-form-control wpcf7-text\" aria-invalid=\"false\" value=\"\" type=\"text\" name=\"your-subject\" \/><\/span>\n\t\t<\/p>\n\t<\/div>\n\t<div>\n\t\t<p>Your Message<br \/>\n<span class=\"wpcf7-form-control-wrap\" data-name=\"textarea-372\"><textarea cols=\"40\" rows=\"10\" maxlength=\"2000\" class=\"wpcf7-form-control wpcf7-textarea\" aria-invalid=\"false\" name=\"textarea-372\"><\/textarea><\/span>\n\t\t<\/p>\n\t<\/div>\n\t<div>\n\t\t<p>File upload (pdf)<br \/>\n<span class=\"wpcf7-form-control-wrap\" data-name=\"file-997\"><input size=\"40\" class=\"wpcf7-form-control wpcf7-file\" accept=\".pdf\" aria-invalid=\"false\" type=\"file\" name=\"file-997\" \/><\/span>\n\t\t<\/p>\n\t<\/div>\n<\/div>\n<p><button type=\"submit\" class=\"button\"><br \/>\n<span>Send message<\/span><br \/>\n<\/button><br \/>\n\n<\/p><div class=\"wpcf7-response-output\" aria-hidden=\"true\"><\/div>\n<\/form>\n<\/div>\n\n\t\t<\/div>\n\t\t\t\t\t<\/div>\n\n\t\n<\/div>\n\t\t<\/div>\n\t\t\t\t\t<\/div>\n\n\t\n\n\t<div id=\"col-1656146959\" class=\"col medium-3 small-12 large-3\"  >\n\t\t\t\t<div class=\"col-inner\"  >\n\t\t\t\n\t\t\t\n<h3>Li\u00ean l\u1ea1c<\/h3>\r\nM\u1ecdi th\u1eafc m\u1eafc v\u1ec1 d\u1ecbch v\u1ee5 c\u1ee7a ch\u00fang t\u00f4i, vui l\u00f2ng li\u00ean h\u1ec7 v\u1edbi m\u1ed9t trong nh\u1eefng chuy\u00ean gia t\u01b0 v\u1ea5n c\u1ee7a ch\u00fang t\u00f4i.\r\n\r\n<a href=\"https:\/\/test.parkerrussell.vn\/vi\/lien-he\/\" target=\"_self\" class=\"button primary lowercase\"  >\n    <span>Li\u00ean h\u1ec7<\/span>\n  <\/a>\n\r\n\r\n<div class=\"is-divider divider clearfix\" style=\"margin-top:1px;margin-bottom:1px;max-width:100%;height:1px;background-color:rgb(0, 0, 0);\"><\/div>\r\n\r\n\t<div id=\"gap-1013223648\" class=\"gap-element clearfix\" style=\"display:block; height:auto;\">\n\t\t\n<style>\n#gap-1013223648 {\n  padding-top: 30px;\n}\n<\/style>\n\t<\/div>\n\t\r\n<h3>K\u1ebft n\u1ed1i<\/h3>\r\n<div class=\"social-icons follow-icons\" ><a href=\"https:\/\/www.instagram.com\/parkerrussellinternational\/\" target=\"_blank\" rel=\"noopener noreferrer nofollow\" data-label=\"Instagram\" class=\"icon primary button circle instagram tooltip\" title=\"Follow on Instagram\" aria-label=\"Follow on Instagram\" ><i class=\"icon-instagram\" ><\/i><\/a><a href=\"https:\/\/twitter.com\/ParkerRussellIn\" data-label=\"Twitter\" target=\"_blank\" rel=\"noopener noreferrer nofollow\" class=\"icon primary button circle twitter tooltip\" title=\"Follow on Twitter\" aria-label=\"Follow on Twitter\" ><i class=\"icon-twitter\" ><\/i><\/a><\/div>\r\n\r\n<div class=\"is-divider divider clearfix\" style=\"max-width:100%;height:1px;background-color:rgb(0, 0, 0);\"><\/div>\r\n\r\n\t<div id=\"gap-2039841683\" class=\"gap-element clearfix\" style=\"display:block; height:auto;\">\n\t\t\n<style>\n#gap-2039841683 {\n  padding-top: 30px;\n}\n<\/style>\n\t<\/div>\n\t\r\n\r\n\n<div class=\"wpcf7 no-js\" id=\"wpcf7-f1076-o2\" lang=\"vi-VN\" dir=\"ltr\" data-wpcf7-id=\"1076\">\n<div class=\"screen-reader-response\"><p role=\"status\" aria-live=\"polite\" aria-atomic=\"true\"><\/p> <ul><\/ul><\/div>\n<form action=\"\/vi\/wp-json\/wp\/v2\/pages\/596#wpcf7-f1076-o2\" method=\"post\" class=\"wpcf7-form init\" aria-label=\"Contact form\" novalidate=\"novalidate\" data-status=\"init\">\n<fieldset class=\"hidden-fields-container\"><input type=\"hidden\" name=\"_wpcf7\" value=\"1076\" \/><input type=\"hidden\" name=\"_wpcf7_version\" value=\"6.1.3\" \/><input type=\"hidden\" name=\"_wpcf7_locale\" value=\"vi_VN\" \/><input type=\"hidden\" name=\"_wpcf7_unit_tag\" value=\"wpcf7-f1076-o2\" \/><input type=\"hidden\" name=\"_wpcf7_container_post\" value=\"0\" \/><input type=\"hidden\" name=\"_wpcf7_posted_data_hash\" value=\"\" \/><input type=\"hidden\" name=\"_wpcf7_recaptcha_response\" value=\"\" \/>\n<\/fieldset>\n<div class=\"form-sidebar\">\n\t<div>\n\t\t<h3>B\u1ea3n tin\n\t\t<\/h3>\n\t\t<p>Lu\u00f4n c\u1eadp nh\u1eadt v\u1ec1 t\u1ea5t c\u1ea3 c\u00e1c c\u1eadp nh\u1eadt v\u00e0 d\u1ecbch v\u1ee5 m\u1edbi nh\u1ea5t c\u1ee7a ch\u00fang t\u00f4i, \u0111\u1ed3ng th\u1eddi \u0111\u0103ng k\u00fd nh\u1eadn b\u1ea3n tin email c\u1ee7a ch\u00fang t\u00f4i.\n\t\t<\/p>\n\t<\/div>\n\t<div>\n\t\t<p><span class=\"wpcf7-form-control-wrap\" data-name=\"first-name\"><input size=\"40\" maxlength=\"400\" class=\"wpcf7-form-control wpcf7-text wpcf7-validates-as-required\" aria-required=\"true\" aria-invalid=\"false\" placeholder=\"T\u00ean*\" value=\"\" type=\"text\" name=\"first-name\" \/><\/span>\n\t\t<\/p>\n\t<\/div>\n\t<div>\n\t\t<p><span class=\"wpcf7-form-control-wrap\" data-name=\"last-name\"><input size=\"40\" maxlength=\"400\" class=\"wpcf7-form-control wpcf7-text wpcf7-validates-as-required\" aria-required=\"true\" aria-invalid=\"false\" placeholder=\"H\u1ecd\" value=\"\" type=\"text\" name=\"last-name\" \/><\/span>\n\t\t<\/p>\n\t<\/div>\n<\/div>\n<div>\n\t<p><span class=\"wpcf7-form-control-wrap\" data-name=\"your-email\"><input size=\"40\" maxlength=\"400\" class=\"wpcf7-form-control wpcf7-email wpcf7-text wpcf7-validates-as-email\" aria-invalid=\"false\" placeholder=\"Email\" value=\"\" type=\"email\" name=\"your-email\" \/><\/span>\n\t<\/p>\n\t<div>\n\t\t<p><button type=\"submit\" class=\"button primary\"><br \/>\n<span>\u0110\u1eb7t mua<\/span><br \/>\n<\/button>\n\t\t<\/p>\n\t<\/div>\n<\/div><div class=\"wpcf7-response-output\" aria-hidden=\"true\"><\/div>\n<\/form>\n<\/div>\n\r\n\r\n<div class=\"is-divider divider clearfix\" style=\"max-width:100%;height:1px;background-color:rgb(0, 0, 0);\"><\/div>\n\t\t<\/div>\n\t\t\t\t\t<\/div>\n\n\t\n<\/div>\n","protected":false},"excerpt":{"rendered":"","protected":false},"author":4,"featured_media":0,"parent":0,"menu_order":0,"comment_status":"closed","ping_status":"closed","template":"page-blank.php","meta":{"_acf_changed":false,"_monsterinsights_skip_tracking":false,"_monsterinsights_sitenote_active":false,"_monsterinsights_sitenote_note":"","_monsterinsights_sitenote_category":0,"footnotes":""},"class_list":["post-596","page","type-page","status-publish","hentry"],"acf":[],"aioseo_notices":[],"_links":{"self":[{"href":"https:\/\/www.parkerrussell.com.vn\/vi\/wp-json\/wp\/v2\/pages\/596","targetHints":{"allow":["GET"]}}],"collection":[{"href":"https:\/\/www.parkerrussell.com.vn\/vi\/wp-json\/wp\/v2\/pages"}],"about":[{"href":"https:\/\/www.parkerrussell.com.vn\/vi\/wp-json\/wp\/v2\/types\/page"}],"author":[{"embeddable":true,"href":"https:\/\/www.parkerrussell.com.vn\/vi\/wp-json\/wp\/v2\/users\/4"}],"replies":[{"embeddable":true,"href":"https:\/\/www.parkerrussell.com.vn\/vi\/wp-json\/wp\/v2\/comments?post=596"}],"version-history":[{"count":0,"href":"https:\/\/www.parkerrussell.com.vn\/vi\/wp-json\/wp\/v2\/pages\/596\/revisions"}],"wp:attachment":[{"href":"https:\/\/www.parkerrussell.com.vn\/vi\/wp-json\/wp\/v2\/media?parent=596"}],"curies":[{"name":"wp","href":"https:\/\/api.w.org\/{rel}","templated":true}]}}